{"id":76,"date":"2011-08-04T18:17:24","date_gmt":"2011-08-04T16:17:24","guid":{"rendered":"http:\/\/borgstromsforlag.se\/energinsmysterier\/?page_id=76"},"modified":"2021-10-21T17:36:51","modified_gmt":"2021-10-21T15:36:51","slug":"for-larare","status":"publish","type":"page","link":"https:\/\/borgstromsforlag.se\/energinsmysterier\/for-larare\/","title":{"rendered":"F\u00d6R L\u00c4RARE"},"content":{"rendered":"\n<p>Boken Energins Mysterier \u00e4r ingen l\u00e4robok. \u00c4nd\u00e5 kan den anv\u00e4ndas i undervisningen, precis som m\u00e5nga andra faktab\u00f6cker f\u00f6r barn och ungdomar. Den \u00e4r mest t\u00e4nkt f\u00f6r underh\u00e5llning.<\/p>\n\n\n\n<p>Eftersom den inneh\u00e5ller sp\u00e4nnande historier och fakta som ber\u00f6r vetenskap och forskning kan boken fungera f\u00f6r att v\u00e4cka nyfikenheten. Den kan f\u00e5 oss, barn och ungdomar att b\u00f6rja st\u00e4lla fr\u00e5gor och undra hur energi fungerar. Varf\u00f6r tar vi inte all v\u00e4rme som finns i \u00f6knen och v\u00e4rmer hus i Norden? Hur kan vi f\u00e5 fram mer energi? Kan vi anv\u00e4nda motionscyklar till det? Hur mycket energi finns det i chipsp\u00e5sen?<\/p>\n\n\n\n<div class=\"wp-block-image\"><figure class=\"aligncenter size-full\"><img loading=\"lazy\" decoding=\"async\" width=\"400\" height=\"233\" src=\"https:\/\/borgstromsforlag.se\/energinsmysterier\/files\/2021\/10\/jesper.png\" alt=\"\" class=\"wp-image-560\" srcset=\"https:\/\/borgstromsforlag.se\/energinsmysterier\/files\/2021\/10\/jesper.png 400w, https:\/\/borgstromsforlag.se\/energinsmysterier\/files\/2021\/10\/jesper-300x175.png 300w\" sizes=\"auto, (max-width: 400px) 100vw, 400px\" \/><\/figure><\/div>\n\n\n\n<p class=\"has-text-align-center\"><\/p>\n\n\n\n<p>Tanken \u00e4r att de olika kapitlen och \u00e4mnena ska kittla. Fr\u00e5gorna och svaren ska inspirera till vidare funderingar: Om kossornas pruttar \u00e4r ett problem eller inte, om havsv\u00e5gor som kan vara till nytta, men ocks\u00e5 vara en fara. Eller hur v\u00e4rldens f\u00f6rsta batteri kanske anv\u00e4ndes f\u00f6r att l\u00e5ta statyer ge elst\u00f6tar.<\/p>\n\n\n\n<p>Det som beskrivs \u00e4r m\u00f6jligheter &#8211; och st\u00e4llningstaganden. Inga pekpinnar, utan mera fr\u00f6n till egna tankar.<\/p>\n\n\n\n<p><span style=\"font-weight: 600;\">Rekommendationer<\/span><br>Energins Mysterier rekommenderades av bland andra CETIS, NTA och Energimyndighetens l\u00e4rarrum n\u00e4r den kom ut.<\/p>\n\n\n\n<p><strong>Handledning<\/strong><br>Du som \u00e4r l\u00e4rare kan f\u00e5 handledning i att anv\u00e4nda boken. Men jag kommer \u00e4ven g\u00e4rna till din skola och hj\u00e4lper till, exempelvis med f\u00f6redrag. <a title=\"Till Skribentsajten\" rel=\"noopener\" href=\"http:\/\/www.skribent.org\/sidor\/uppdrag\/02-tala.html\" target=\"_blank\">H\u00e4r finns praktisk information om detta<\/a>.<\/p>\n\n\n\n<figure class=\"wp-block-image size-large\"><img decoding=\"async\" src=\"https:\/\/skribent.se\/wp-content\/uploads\/2019\/10\/forfattarbesok.jpg\" alt=\"\"\/><\/figure>\n\n\n\n<p><strong>Popul\u00e4rvetenskap i skolan<\/strong><br>Som f\u00f6rfattare och vetenskapsjournalist anser att det att finns minst tv\u00e5 sk\u00e4l till att anv\u00e4nda popul\u00e4rvetenskap i undervisningssammanhang:<\/p>\n\n\n\n<p>1) Barn har r\u00e4tt att f\u00e5 veta vad som h\u00e4nder i samh\u00e4llet. Vi m\u00e5ste f\u00f6rse dem med pusselbitar s\u00e5 att v\u00e4rlden blir begriplig, oavsett om det handlar om varf\u00f6r inte flygplanen funkar n\u00e4r det blir vulkanutbrott, varf\u00f6r m\u00e4nniskor blir r\u00e4dda n\u00e4r k\u00e4rnkraftverken i Fukushima i Japan g\u00e5r s\u00f6nder eller vad som h\u00e4nder i kroppen n\u00e4r vi blir k\u00e4ra.<\/p>\n\n\n\n<p>Barn ser p\u00e5 Lilla Aktuellt och undrar. De h\u00f6r vuxna prata och snappar upp obegripliga fragment. Det \u00e4r v\u00e5r skyldighet att f\u00f6rklara!<\/p>\n\n\n\n<p><strong>Forskning<\/strong><br>Som den vetenskapsjournalist jag \u00e4r har jag gjort en del research kring vilket forskning som har gjorts faktaboken i undervisningen \u2013 och har \u00e4ven skrivit en faktabok om l\u00e4s- och skrivsv\u00e5righeter (som heter Den hemliga koden).<\/p>\n\n\n\n<p>Det beh\u00f6vs fler faktab\u00f6cker f\u00f6r barn \u2013 eftersom de bidrar till att underl\u00e4tta l\u00e4sandet.&nbsp; Det visar sig att det finns ett flertal unders\u00f6kningar som pekar p\u00e5 vikten av att l\u00e4sa om n\u00e5got man gillar, innan man ger sig i kast med kanske n\u00e5got lite mer abstrakt. Om ett barn som har lite sv\u00e5rt att komma ig\u00e5ng med l\u00e4sningen f\u00e5r b\u00f6rja med att l\u00e4sa om kaniner, robotar eller vad det kan vara som de gillar \u2013 sker \u00f6verg\u00e5ngen till annat litter\u00e4rt l\u00e4sande mycket snabbare.<\/p>\n\n\n\n<p>Andra forskningsresultat visar att f\u00f6r att l\u00e4ra sig nya ord, s\u00e5 m\u00e5ste l\u00e4saren uts\u00e4ttas f\u00f6r dem. D\u00e4rf\u00f6r b\u00f6r texten inte vara f\u00f6r enkel. F\u00f6r att nya eller sv\u00e5ra ord ska bli f\u00f6rst\u00e5eliga \u00e4r det viktigt att de s\u00e4tts in i ett sammanhang. Med r\u00e4tt st\u00f6d kan det fungera \u00e4ven med avancerade texter: Till exempel att den vuxne g\u00e5r igenom ord och begrepp f\u00f6r barnen.<\/p>\n\n\n\n<p>Tanken med Energins Mysterier, liksom Vattnets, Energins, Kroppens och Naturens Mysterier och de andra popul\u00e4rvetenskapliga b\u00f6ckerna f\u00f6r barn \u00e4r att de ska l\u00e4sas minst en g\u00e5ng <em>tillsammans<\/em> med barnen.<\/p>\n\n\n\n<p>H\u00f6r g\u00e4rna av dig om du undrar \u00f6ver n\u00e5got!<\/p>\n","protected":false},"excerpt":{"rendered":"<p>Boken Energins Mysterier \u00e4r ingen l\u00e4robok. \u00c4nd\u00e5 kan den anv\u00e4ndas i undervisningen, precis som m\u00e5nga andra faktab\u00f6cker f\u00f6r barn och ungdomar. Den \u00e4r mest t\u00e4nkt f\u00f6r underh\u00e5llning. Eftersom den inneh\u00e5ller sp\u00e4nnande historier och fakta som ber\u00f6r vetenskap och forskning kan boken fungera f\u00f6r att v\u00e4cka nyfikenheten. Den kan f\u00e5 oss, barn och ungdomar att b\u00f6rja &#8230; <a title=\"F\u00d6R L\u00c4RARE\" class=\"read-more\" href=\"https:\/\/borgstromsforlag.se\/energinsmysterier\/for-larare\/\" aria-label=\"L\u00e4s mer om F\u00d6R L\u00c4RARE\">L\u00e4s mer<\/a><\/p>\n","protected":false},"author":1,"featured_media":0,"parent":0,"menu_order":0,"comment_status":"open","ping_status":"open","template":"","meta":{"ngg_post_thumbnail":0,"footnotes":""},"class_list":["post-76","page","type-page","status-publish"],"_links":{"self":[{"href":"https:\/\/borgstromsforlag.se\/energinsmysterier\/wp-json\/wp\/v2\/pages\/76","targetHints":{"allow":["GET"]}}],"collection":[{"href":"https:\/\/borgstromsforlag.se\/energinsmysterier\/wp-json\/wp\/v2\/pages"}],"about":[{"href":"https:\/\/borgstromsforlag.se\/energinsmysterier\/wp-json\/wp\/v2\/types\/page"}],"author":[{"embeddable":true,"href":"https:\/\/borgstromsforlag.se\/energinsmysterier\/wp-json\/wp\/v2\/users\/1"}],"replies":[{"embeddable":true,"href":"https:\/\/borgstromsforlag.se\/energinsmysterier\/wp-json\/wp\/v2\/comments?post=76"}],"version-history":[{"count":18,"href":"https:\/\/borgstromsforlag.se\/energinsmysterier\/wp-json\/wp\/v2\/pages\/76\/revisions"}],"predecessor-version":[{"id":672,"href":"https:\/\/borgstromsforlag.se\/energinsmysterier\/wp-json\/wp\/v2\/pages\/76\/revisions\/672"}],"wp:attachment":[{"href":"https:\/\/borgstromsforlag.se\/energinsmysterier\/wp-json\/wp\/v2\/media?parent=76"}],"curies":[{"name":"wp","href":"https:\/\/api.w.org\/{rel}","templated":true}]}}