{"id":13,"date":"2012-08-16T12:03:51","date_gmt":"2012-08-16T10:03:51","guid":{"rendered":"http:\/\/borgstromsforlag.se\/miljonsmysterier\/?page_id=13"},"modified":"2022-09-02T14:14:00","modified_gmt":"2022-09-02T12:14:00","slug":"start","status":"publish","type":"page","link":"https:\/\/borgstromsforlag.se\/miljonsmysterier\/","title":{"rendered":"START"},"content":{"rendered":"\n<h3 class=\"wp-block-heading\"><strong>Dyk in i Milj\u00f6ns Mysterier!<\/strong><\/h3>\n\n\n\n<p class=\"has-text-align-left\">Kan vi<strong> styra v\u00e4dret<\/strong>? Varf\u00f6r blommar det i <strong>havet<\/strong>? Hur l\u00e5ng sladd beh\u00f6ver <strong>elbilen<\/strong>? Vart \u00e5ker allt i <strong>toaletten<\/strong> n\u00e4r vi spolar? Kommer maten att r\u00e4cka till alla p\u00e5 <strong>jorden<\/strong>? Vad \u00e4r det som blommar i haven?<\/p>\n\n\n\n<p class=\"has-text-align-left\">Den fj\u00e4rde \u201dMysterie-boken\u201d handlar om milj\u00f6 och <strong>klimat<\/strong> i m\u00e5nga olika former.&nbsp;P\u00e5 samma lekfulla s\u00e4tt som Energins Mysterier, Kroppens Mysterier och Naturens Mysterier ges f\u00f6rklaringar och svar p\u00e5 <strong>nyfikna <\/strong>fr\u00e5gor. Den h\u00e4r boken finns ocks\u00e5 som <strong>rolig e-bok<\/strong> med filmer, bildspel och ljud. <a rel=\"noopener noreferrer\" href=\"https:\/\/books.apple.com\/se\/book\/milj\u00f6ns-mysterier\/id561814916?mt=11\" target=\"_blank\">Ladda ner eller bl\u00e4ddra i provkapitlet<\/a>.<\/p>\n\n\n\n<figure class=\"wp-block-embed is-type-video is-provider-vimeo wp-block-embed-vimeo\"><div style=\"display: contents;\" >\n\n<div data-mode=\"normal\" data-oembed=\"1\" data-provider=\"vimeo\" id=\"arve-vimeo-638147721\" class=\"arve\">\n\t<div class=\"arve-inner\">\n\t\t<div class=\"arve-embed arve-embed--has-aspect-ratio\">\n\t\t\t<div class=\"arve-ar\" style=\"padding-top:56.250000%\"><\/div>\n\t\t\t<iframe allow=\"accelerometer &#039;none&#039;;autoplay &#039;none&#039;;bluetooth &#039;none&#039;;browsing-topics &#039;none&#039;;camera &#039;none&#039;;clipboard-read &#039;none&#039;;clipboard-write;display-capture &#039;none&#039;;encrypted-media &#039;none&#039;;gamepad &#039;none&#039;;geolocation &#039;none&#039;;gyroscope &#039;none&#039;;hid &#039;none&#039;;identity-credentials-get &#039;none&#039;;idle-detection &#039;none&#039;;keyboard-map &#039;none&#039;;local-fonts;magnetometer &#039;none&#039;;microphone &#039;none&#039;;midi &#039;none&#039;;otp-credentials &#039;none&#039;;payment &#039;none&#039;;picture-in-picture;publickey-credentials-create &#039;none&#039;;publickey-credentials-get &#039;none&#039;;screen-wake-lock &#039;none&#039;;serial &#039;none&#039;;summarizer &#039;none&#039;;sync-xhr;usb &#039;none&#039;;web-share;window-management &#039;none&#039;;xr-spatial-tracking &#039;none&#039;;\" allowfullscreen=\"\" class=\"arve-iframe fitvidsignore\" credentialless data-arve=\"arve-vimeo-638147721\" data-lenis-prevent=\"\" data-src-no-ap=\"https:\/\/player.vimeo.com\/video\/638147721?dnt=1&amp;app_id=122963&amp;transparent=0&amp;title=1&amp;byline=0&amp;portrait=0&amp;autoplay=0\" frameborder=\"0\" height=\"0\" loading=\"lazy\" name=\"\" referrerpolicy=\"strict-origin-when-cross-origin\" sandbox=\"allow-scripts allow-same-origin allow-presentation allow-popups allow-popups-to-escape-sandbox allow-forms\" scrolling=\"no\" src=\"https:\/\/player.vimeo.com\/video\/638147721?dnt=1&#038;app_id=122963&#038;transparent=0&#038;title=1&#038;byline=0&#038;portrait=0&#038;autoplay=0\" title=\"\" width=\"0\"><\/iframe>\n\t\t\t\n\t\t<\/div>\n\t\t\n\t<\/div>\n\t\n\t\n\t<script type=\"application\/ld+json\">{\"@context\":\"http:\\\/\\\/schema.org\\\/\",\"@id\":\"https:\\\/\\\/borgstromsforlag.se\\\/miljonsmysterier\\\/#arve-vimeo-638147721\",\"type\":\"VideoObject\",\"embedURL\":\"https:\\\/\\\/player.vimeo.com\\\/video\\\/638147721?dnt=1&app_id=122963&transparent=0&title=1&byline=0&portrait=0&autoplay=0\"}<\/script>\n\t\n<\/div>\n<\/div><\/figure>\n\n\n\n<p>Det h\u00e4r \u00e4r en webbplats f\u00f6r boken Milj\u00f6ns Mysterier. H\u00e4r kan du hitta saker som inte fick plats i den tryckta boken. Lite extra material helt enkelt. Och lite om varf\u00f6r boken till.<\/p>\n\n\n\n<p>H\u00e4r kan du \u00e4ven att &nbsp;hitta kontaktuppgifter till mig om du vill fr\u00e5ga n\u00e5got. Jag kommer g\u00e4rna och <strong>f\u00f6rel\u00e4ser<\/strong> p\u00e5 skolor och bibliotek!<\/p>\n\n\n\n<p>Vill du titta n\u00e4rmre p\u00e5 boken hittar du den b\u00e5de i bokhandeln , via n\u00e4tet eller p\u00e5 biblioteket.&nbsp;Du kan ocks\u00e5 st\u00f6dja en fortsatt utgivning av <strong>mysterieb\u00f6cker<\/strong> genom att k\u00f6pa b\u00f6ckerna fr\u00e5n <a title=\"Borgstr\u00f6ms F\u00f6rlag\" href=\"http:\/\/www.borgstromsforlag.se\/\" target=\"_new\" rel=\"noopener noreferrer\">Borgstr\u00f6ms F\u00f6rlag<\/a>!<\/p>\n\n\n\n<h4 class=\"wp-block-heading\"><a href=\"http:\/\/www.provlas.se\/miljons-mysterier\/\" target=\"_blank\" rel=\"noopener noreferrer\"><span style=\"color: #0000ff;\">Provl\u00e4s ett par kapitel ur boken! (\u00f6ppnas i nytt f\u00f6nster)<\/span><\/a><\/h4>\n\n\n\n<p><\/p>\n","protected":false},"excerpt":{"rendered":"<p>Dyk in i Milj\u00f6ns Mysterier! Kan vi styra v\u00e4dret? Varf\u00f6r blommar det i havet? Hur l\u00e5ng sladd beh\u00f6ver elbilen? Vart \u00e5ker allt i toaletten n\u00e4r vi spolar? Kommer maten att r\u00e4cka till alla p\u00e5 jorden? Vad \u00e4r det som blommar i haven? Den fj\u00e4rde \u201dMysterie-boken\u201d handlar om milj\u00f6 och klimat i m\u00e5nga olika former.&nbsp;P\u00e5 samma &#8230; <a title=\"START\" class=\"read-more\" href=\"https:\/\/borgstromsforlag.se\/miljonsmysterier\/\" aria-label=\"L\u00e4s mer om START\">L\u00e4s mer<\/a><\/p>\n","protected":false},"author":1,"featured_media":0,"parent":0,"menu_order":0,"comment_status":"open","ping_status":"open","template":"","meta":{"ngg_post_thumbnail":0,"footnotes":""},"class_list":["post-13","page","type-page","status-publish"],"_links":{"self":[{"href":"https:\/\/borgstromsforlag.se\/miljonsmysterier\/index.php?rest_route=\/wp\/v2\/pages\/13","targetHints":{"allow":["GET"]}}],"collection":[{"href":"https:\/\/borgstromsforlag.se\/miljonsmysterier\/index.php?rest_route=\/wp\/v2\/pages"}],"about":[{"href":"https:\/\/borgstromsforlag.se\/miljonsmysterier\/index.php?rest_route=\/wp\/v2\/types\/page"}],"author":[{"embeddable":true,"href":"https:\/\/borgstromsforlag.se\/miljonsmysterier\/index.php?rest_route=\/wp\/v2\/users\/1"}],"replies":[{"embeddable":true,"href":"https:\/\/borgstromsforlag.se\/miljonsmysterier\/index.php?rest_route=%2Fwp%2Fv2%2Fcomments&post=13"}],"version-history":[{"count":39,"href":"https:\/\/borgstromsforlag.se\/miljonsmysterier\/index.php?rest_route=\/wp\/v2\/pages\/13\/revisions"}],"predecessor-version":[{"id":313,"href":"https:\/\/borgstromsforlag.se\/miljonsmysterier\/index.php?rest_route=\/wp\/v2\/pages\/13\/revisions\/313"}],"wp:attachment":[{"href":"https:\/\/borgstromsforlag.se\/miljonsmysterier\/index.php?rest_route=%2Fwp%2Fv2%2Fmedia&parent=13"}],"curies":[{"name":"wp","href":"https:\/\/api.w.org\/{rel}","templated":true}]}}