{"id":90,"date":"2012-08-21T19:15:13","date_gmt":"2012-08-21T17:15:13","guid":{"rendered":"http:\/\/borgstromsforlag.se\/miljonsmysterier\/?page_id=90"},"modified":"2021-10-23T17:21:30","modified_gmt":"2021-10-23T15:21:30","slug":"kapitlen","status":"publish","type":"page","link":"https:\/\/borgstromsforlag.se\/miljonsmysterier\/?page_id=90","title":{"rendered":"KAPITLEN"},"content":{"rendered":"\n<h3 class=\"wp-block-heading\">Kapitlen<\/h3>\n\n\n\n<p>Nedan f\u00f6ljer en kortfattat beskrivning av varje kapitel. Varje kapitel \u00e4r rikt illustrerad med fotografier.<\/p>\n\n\n\n<p><em>Kapitel 1<strong><br><\/strong><\/em><strong>Kan vi styra v\u00e4dret?<\/strong><br>Det inledande kapitlet handlar om hur m\u00e4nniskan l\u00e4nge har f\u00f6rs\u00f6kt att styra v\u00e4dret. Mycket forskning har lagts p\u00e5 att f\u00e5 moln att regna p\u00e5 best\u00e4mda tider eller platser. H\u00e4r beskrivs skillnaderna mellan klimat och v\u00e4der. Och att klimatet har f\u00f6r\u00e4ndrats &#8211; samt vad det inneb\u00e4r f\u00f6r m\u00e4nniskan. Och vad vi kan g\u00f6ra.<\/p>\n\n\n\n<p><em>Kapitel 2<br><\/em><strong>Vart \u00e5ker bajset n\u00e4r vi spolar?<br><\/strong>Vi f\u00f6ljer kisset och bajset ner i avloppsr\u00f6ren. Vad h\u00e4nder d\u00e4r? Och vart \u00e5ker regnvattnet som samlas p\u00e5 gatan? Det ber\u00e4ttas om alla steg som g\u00f6rs p\u00e5 reningsverken &#8211; och om b\u00e5de problem och m\u00f6jligheter med slam och rester. H\u00e4r ber\u00e4ttas ocks\u00e5 om vad beteckningarna p\u00e5 brunnslocken st\u00e5r f\u00f6r &#8211; b\u00e5de vad vi tror och hur det egentligen \u00e4r.<\/p>\n\n\n\n<p><em><em>Kapitel 3<\/em><br><\/em><strong>Ska vi \u00e4ta spindlar och myror?<\/strong><br>Vi \u00e4r m\u00e5nga p\u00e5 jorden som beh\u00f6ver mat. Och vi blir fler. Hur ska det g\u00e5 till? Ska vi som i vissa l\u00e4nder \u00e4ta gr\u00e4shoppor? H\u00e4r beskrivs olika s\u00e4tt f\u00f6r att m\u00e4tta fler munnar. Och h\u00e4r finns tips om vad vi alla kan g\u00f6ra f\u00f6r att hj\u00e4lpa till.<\/p>\n\n\n\n<p><em>Kapitel 4<\/em><br><strong> Hur kan hus v\u00e4rmas av v\u00e5ra kroppar?<\/strong><br>I kapitlet ber\u00e4ttas om hur vi kan minska anv\u00e4ndningen av energi i v\u00e5ra hem och hus. Eftersom s\u00e5 mycket g\u00e5r att vinna. Massor av tips ges. Inga kr\u00e5ngliga saker, mer vardagliga tips. Visste du till exempel att det oftast \u00e4r b\u00e4ttre att diska i maskin \u00e4n f\u00f6r hand?<\/p>\n\n\n\n<p><em>Kapitel 5<\/em><br><strong> Hur l\u00e5ng sladd beh\u00f6vs till en elbil?<\/strong><br>Vi m\u00e4nniskor \u00e4lskar att flytta och frakta saker. Och sj\u00e4lva och all v\u00e5r mat. Eller datorer, soffor och skolb\u00f6cker. Men hur detta sker har betydelse f\u00f6r v\u00e5r milj\u00f6. H\u00e4r ber\u00e4ttas om vad vi kan g\u00f6ra f\u00f6r att skona milj\u00f6n, men ocks\u00e5 om att det beh\u00f6vs nya id\u00e9er fr\u00e5n unga m\u00e4nniskor &#8211; fr\u00e5n s\u00e5dana som du som l\u00e4ser boken!<\/p>\n\n\n\n<p><em>Kapitel 6<\/em><br><strong> Hur kan en teve bli solglas\u00f6gon?<\/strong><br>T\u00e4nk om allt vi sl\u00e4nger gick att anv\u00e4nda igen! Om telefoner och leksaker lagades ist\u00e4llet f\u00f6r att kastas. Eller t\u00e4nkt om sopor gick att g\u00f6ra om till n\u00e5got annat. Idag finns teknik f\u00f6r att ta hand om det mesta. Om vi vill. Idag kan faktiskt en gammal teve bli b\u00e5de solglas\u00f6gon och lampor i hemmen. F\u00f6lj vad som h\u00e4nder med kaviartuben!<\/p>\n\n\n\n<p><em>Kapitel 7<\/em><strong>Vart rinner allt vatten?<\/strong><br>Vatten \u00e4r v\u00e5r viktigaste mat. D\u00e4rf\u00f6r finns ett kapitel om att allt liv p\u00e5 jorden beh\u00f6ver vatten f\u00f6r att \u00f6verleva. Och att vi dricker samma vatten som vikingarna \u00e4n g\u00e5ng gjorde! H\u00e4r ber\u00e4ttas om varf\u00f6r vi m\u00e5ste vara r\u00e4dda om vattnet. Men ocks\u00e5 om saltet i D\u00f6da havet, hur mycket vatten det g\u00e5r \u00e5t f\u00f6r att tillverka ett par jeans och hur m\u00e5nga sj\u00f6ar det finns i De tusen sj\u00f6arnas land.<\/p>\n\n\n\n<p><em>Kapitel 8<\/em><br><strong> Varf\u00f6r blommar det i havet?<\/strong><br>H\u00e4r ber\u00e4ttas om varf\u00f6r det blir algblomning. Vad den best\u00e5r av.&nbsp; Och att det finns m\u00e5nga olika typer av algblomningar, vissa som \u00e4r mindre bra, andra som \u00e4r vackra. Och att en val \u00e4ter n\u00e5got s\u00e5 pyttelitet som djurplankton. Sj\u00e4lvklart ber\u00f6rs det som kallas f\u00f6r \u00f6verg\u00f6dning. Och dess orsaker.<\/p>\n\n\n\n<p><em>Kapitel 9<\/em><br><strong> Kan blommor prata?<\/strong><br>Genom att h\u00e4rma blommornas s\u00e4tt att varna varandra f\u00f6r insektsangrepp kan vi minska m\u00e4ngden gifter och bek\u00e4mpningsmedel inom jordbruket. F\u00f6r blommor och v\u00e4xter kan prata med varandra. H\u00e4r ges massor av bevis p\u00e5 det. I kapitlet ber\u00e4ttas ocks\u00e5 hur forskare arbetar med till exempel \u00e4ppelodlingar.<\/p>\n\n\n\n<p class=\"has-text-align-center\">&nbsp;<\/p>\n","protected":false},"excerpt":{"rendered":"<p>Kapitlen Nedan f\u00f6ljer en kortfattat beskrivning av varje kapitel. Varje kapitel \u00e4r rikt illustrerad med fotografier. Kapitel 1Kan vi styra v\u00e4dret?Det inledande kapitlet handlar om hur m\u00e4nniskan l\u00e4nge har f\u00f6rs\u00f6kt att styra v\u00e4dret. Mycket forskning har lagts p\u00e5 att f\u00e5 moln att regna p\u00e5 best\u00e4mda tider eller platser. H\u00e4r beskrivs skillnaderna mellan klimat och v\u00e4der. &#8230; <a title=\"KAPITLEN\" class=\"read-more\" href=\"https:\/\/borgstromsforlag.se\/miljonsmysterier\/?page_id=90\" aria-label=\"L\u00e4s mer om KAPITLEN\">L\u00e4s mer<\/a><\/p>\n","protected":false},"author":1,"featured_media":0,"parent":0,"menu_order":0,"comment_status":"open","ping_status":"open","template":"","meta":{"ngg_post_thumbnail":0,"footnotes":""},"class_list":["post-90","page","type-page","status-publish"],"_links":{"self":[{"href":"https:\/\/borgstromsforlag.se\/miljonsmysterier\/index.php?rest_route=\/wp\/v2\/pages\/90","targetHints":{"allow":["GET"]}}],"collection":[{"href":"https:\/\/borgstromsforlag.se\/miljonsmysterier\/index.php?rest_route=\/wp\/v2\/pages"}],"about":[{"href":"https:\/\/borgstromsforlag.se\/miljonsmysterier\/index.php?rest_route=\/wp\/v2\/types\/page"}],"author":[{"embeddable":true,"href":"https:\/\/borgstromsforlag.se\/miljonsmysterier\/index.php?rest_route=\/wp\/v2\/users\/1"}],"replies":[{"embeddable":true,"href":"https:\/\/borgstromsforlag.se\/miljonsmysterier\/index.php?rest_route=%2Fwp%2Fv2%2Fcomments&post=90"}],"version-history":[{"count":14,"href":"https:\/\/borgstromsforlag.se\/miljonsmysterier\/index.php?rest_route=\/wp\/v2\/pages\/90\/revisions"}],"predecessor-version":[{"id":318,"href":"https:\/\/borgstromsforlag.se\/miljonsmysterier\/index.php?rest_route=\/wp\/v2\/pages\/90\/revisions\/318"}],"wp:attachment":[{"href":"https:\/\/borgstromsforlag.se\/miljonsmysterier\/index.php?rest_route=%2Fwp%2Fv2%2Fmedia&parent=90"}],"curies":[{"name":"wp","href":"https:\/\/api.w.org\/{rel}","templated":true}]}}