{"id":429,"date":"2014-11-22T12:04:29","date_gmt":"2014-11-22T11:04:29","guid":{"rendered":"http:\/\/www.vattnetsmysterier.se\/?page_id=429"},"modified":"2021-10-26T20:50:50","modified_gmt":"2021-10-26T18:50:50","slug":"om-boken-2","status":"publish","type":"page","link":"https:\/\/borgstromsforlag.se\/vattnetsmysterier\/om-boken-2\/","title":{"rendered":"Om boken"},"content":{"rendered":"\n<p>N\u00e4r jag tidigare arbetade med en l\u00e4robok om energi l\u00e4ste jag ocks\u00e5 igenom kommentarerna till l\u00e4roplanen. D\u00e5 fick jag klart f\u00f6r mig vilken oerh\u00f6rt viktigt \u00e4mne vatten \u00e4r.&nbsp;<strong>Utan vatten ingen liv<\/strong>. Vatten p\u00e5verkar allt, m\u00e4nniskor, v\u00e4xter och djur. Det \u00e4r tillg\u00e5ngen till vatten som styr om l\u00e4nder \u00e4r rika eller fattiga. Vatten ger energi. Vatten transporterar saker.<\/p>\n\n\n\n<p>Som f\u00f6rfattare och journalist \u00e4r jag&nbsp;<strong>nyfiken<\/strong>&nbsp;av mig. Jag vill veta hur saker och ting funkar. Om det \u00e4r kr\u00e5ngligt vill jag bena ut allt f\u00f6r att <strong>verkligen<\/strong>&nbsp;f\u00f6rst\u00e5. Jag ville d\u00e4rf\u00f6r dyka in i \u00e4mnet och veta mer. Jag&nbsp;best\u00e4mde mig f\u00f6r att skriva&nbsp;<strong>en sjunde barnbok<\/strong>,&nbsp;<em>Vattnets Mysterier<\/em>. Nu \u00e4r ju inte mysterieb\u00f6ckerna n\u00e5gra l\u00e4romedel i den bem\u00e4rkelsen att de ska f\u00f6lja l\u00e4roplanen eller vara pedagogiska. Sj\u00e4lva id\u00e9n \u00e4r ist\u00e4llet att de ska v\u00e4cka nyfikenhet och&nbsp;<strong>inspirera<\/strong>&nbsp;till eget t\u00e4nkande.<\/p>\n\n\n\n<figure class=\"wp-block-image size-large is-style-default\"><a href=\"https:\/\/borgstromsforlag.se\/vattnetsmysterier\/files\/2013\/11\/sea-1.png\"><img loading=\"lazy\" decoding=\"async\" width=\"1024\" height=\"576\" src=\"https:\/\/borgstromsforlag.se\/vattnetsmysterier\/files\/2013\/11\/sea-1-1024x576.png\" alt=\"Bild p\u00e5 havsbotten med bl\u00e5tt hav ovanf\u00f6r.\" class=\"wp-image-290\" srcset=\"https:\/\/borgstromsforlag.se\/vattnetsmysterier\/files\/2013\/11\/sea-1-1024x576.png 1024w, https:\/\/borgstromsforlag.se\/vattnetsmysterier\/files\/2013\/11\/sea-1-300x169.png 300w, https:\/\/borgstromsforlag.se\/vattnetsmysterier\/files\/2013\/11\/sea-1-768x432.png 768w, https:\/\/borgstromsforlag.se\/vattnetsmysterier\/files\/2013\/11\/sea-1-1536x864.png 1536w, https:\/\/borgstromsforlag.se\/vattnetsmysterier\/files\/2013\/11\/sea-1.png 1920w\" sizes=\"auto, (max-width: 1024px) 100vw, 1024px\" \/><\/a><figcaption>Foto: Noa<\/figcaption><\/figure>\n\n\n\n<p>D\u00e4rf\u00f6r har jag valt \u00e4mnen att belysa som b\u00e5de jag sj\u00e4lv och barn i min omgivning undrar \u00f6ver. Som det h\u00e4r med fostervatten, vad \u00e4r det bra f\u00f6r? Eller varf\u00f6r kameler och&nbsp;<strong>dromedarer<\/strong>&nbsp;har pucklar p\u00e5 ryggen. Jag ville sj\u00e4lv veta mer om tidvatten och hur det fungerar. Liksom&nbsp;<strong>fiskodling<\/strong>.<\/p>\n\n\n\n<p>Id\u00e9n \u00e4r att p\u00e5 samma lekfulla s\u00e4tt som&nbsp;<i>Milj\u00f6ns Mysterier<\/i>,<i>&nbsp;Energins Mysterier<\/i>,&nbsp;<i>Kroppens Mysterier<\/i>&nbsp;och&nbsp;<i>Naturens Mysterier<\/i>&nbsp;ge f\u00f6rklaringar och svar p\u00e5 nyfikna fr\u00e5gor.<\/p>\n\n\n\n<p>Men h\u00e4r talas inte om tunga och kr\u00e5ngliga saker, som syre- och v\u00e4teatomer, mer om att vi alla \u00e4r beroende av vatten;&nbsp;<strong>elefanter<\/strong>, m\u00e4nniskor och minsta&nbsp;<strong>gr\u00e4sstr\u00e5<\/strong>. Och varf\u00f6r vi \u00e4r det. I alla kapitel f\u00e5r l\u00e4saren reda p\u00e5 sp\u00e4nnande saker om intilliggande \u00e4mnen. I kapitlet om hur vatten sl\u00e4cker eld skildras&nbsp;<strong>r\u00e4ddningstj\u00e4nstens<\/strong>&nbsp;s\u00e4tt att arbeta. I kapitlet om regn beskrivs \u00e4ven hur djuren vandrar i&nbsp;<strong>Tanzania<\/strong>. Och i kapitlet om dricksvatten ber\u00f6rs s\u00e5v\u00e4l \u00f6kenoaser som planeten&nbsp;<strong>Jupiter<\/strong>.<\/p>\n\n\n\n<p>Hela boken \u00e4r uppbyggd kring sp\u00e4nnande fr\u00e5gor kring vad som h\u00e4nder runt omkring oss, aktuell forskning om fr\u00e5gor som handlar vatten och hur det ber\u00f6r oss i vardagen.<\/p>\n\n\n\n<p>I boken f\u00e5r<strong>&nbsp;nio kapitelfr\u00e5gor<\/strong>&nbsp;om milj\u00f6fr\u00e5gor massor med svar. F\u00f6r s\u00e5 \u00e4r det. S\u00e5 fort du b\u00f6rjar ta reda p\u00e5 hur n\u00e5got fungerar, blir det l\u00e4tt att bli intresserad av n\u00e5got som ligger n\u00e4ra.<\/p>\n\n\n\n<p>Varje kapitel har ocks\u00e5 b\u00e5de en&nbsp;<strong>faktal\u00e5da<\/strong>&nbsp;f\u00f6r dig som vill veta mer, och en \u201cvisste du att\u201d ruta med korta roliga fakta.<\/p>\n\n\n\n<p>I slutet av boken finns ocks\u00e5 en Fr\u00e5gel\u00e5da med nio&nbsp;<strong>kuliga fr\u00e5gor<\/strong>&nbsp;med \u00e4nnu fler kuliga svar!<\/p>\n\n\n\n<p>En stor po\u00e4ng med boken \u00e4r att den \u00e4r granskad av&nbsp;<strong>vetenskaplig expertis<\/strong>. Varje kapitel har l\u00e4sts av n\u00e5gon med kunskaper inom just detta omr\u00e5de. F\u00f6r s\u00e5 m\u00e5ste det vara: Det som barn f\u00e5r reda p\u00e5 m\u00e5ste vara korrekt!<\/p>\n\n\n\n<h4 class=\"wp-block-heading\"><a href=\"http:\/\/www.provlas.se\/vattnets-mysterier\/\" target=\"_blank\" rel=\"noopener\">Provl\u00e4s ett par kapitel i boken h\u00e4r (\u00f6ppnas i nytt f\u00f6nster)&nbsp;<\/a><\/h4>\n","protected":false},"excerpt":{"rendered":"<p>N\u00e4r jag tidigare arbetade med en l\u00e4robok om energi l\u00e4ste jag ocks\u00e5 igenom kommentarerna till l\u00e4roplanen. D\u00e5 fick jag klart f\u00f6r mig vilken oerh\u00f6rt viktigt \u00e4mne vatten \u00e4r.&nbsp;Utan vatten ingen liv. Vatten p\u00e5verkar allt, m\u00e4nniskor, v\u00e4xter och djur. Det \u00e4r tillg\u00e5ngen till vatten som styr om l\u00e4nder \u00e4r rika eller fattiga. Vatten ger energi. Vatten &#8230; <a title=\"Om boken\" class=\"read-more\" href=\"https:\/\/borgstromsforlag.se\/vattnetsmysterier\/om-boken-2\/\" aria-label=\"L\u00e4s mer om Om boken\">L\u00e4s mer<\/a><\/p>\n","protected":false},"author":2,"featured_media":0,"parent":0,"menu_order":0,"comment_status":"closed","ping_status":"closed","template":"","meta":{"ngg_post_thumbnail":0,"footnotes":""},"class_list":["post-429","page","type-page","status-publish"],"_links":{"self":[{"href":"https:\/\/borgstromsforlag.se\/vattnetsmysterier\/wp-json\/wp\/v2\/pages\/429","targetHints":{"allow":["GET"]}}],"collection":[{"href":"https:\/\/borgstromsforlag.se\/vattnetsmysterier\/wp-json\/wp\/v2\/pages"}],"about":[{"href":"https:\/\/borgstromsforlag.se\/vattnetsmysterier\/wp-json\/wp\/v2\/types\/page"}],"author":[{"embeddable":true,"href":"https:\/\/borgstromsforlag.se\/vattnetsmysterier\/wp-json\/wp\/v2\/users\/2"}],"replies":[{"embeddable":true,"href":"https:\/\/borgstromsforlag.se\/vattnetsmysterier\/wp-json\/wp\/v2\/comments?post=429"}],"version-history":[{"count":1,"href":"https:\/\/borgstromsforlag.se\/vattnetsmysterier\/wp-json\/wp\/v2\/pages\/429\/revisions"}],"predecessor-version":[{"id":525,"href":"https:\/\/borgstromsforlag.se\/vattnetsmysterier\/wp-json\/wp\/v2\/pages\/429\/revisions\/525"}],"wp:attachment":[{"href":"https:\/\/borgstromsforlag.se\/vattnetsmysterier\/wp-json\/wp\/v2\/media?parent=429"}],"curies":[{"name":"wp","href":"https:\/\/api.w.org\/{rel}","templated":true}]}}