{"id":433,"date":"2014-11-22T12:05:21","date_gmt":"2014-11-22T11:05:21","guid":{"rendered":"http:\/\/www.vattnetsmysterier.se\/?page_id=433"},"modified":"2024-01-24T16:26:05","modified_gmt":"2024-01-24T15:26:05","slug":"for-larare-2","status":"publish","type":"page","link":"https:\/\/borgstromsforlag.se\/vattnetsmysterier\/for-larare-2\/","title":{"rendered":"F\u00f6r l\u00e4rare"},"content":{"rendered":"\n<p>\u00c4ntligen har den popul\u00e4ra boken Vattnets mysterier kommit i en nyutg\u00e5va. Den \u00e4r uppdaterad med de senaste r\u00f6nen och \u00e4r p\u00e5 nytt faktagranskad av nio vetenskapliga experter! En f\u00f6r varje kapitel \u2013 hur m\u00e5nga barnb\u00f6cker har den bakgrunden?<\/p>\n\n\n\n<p>Boken Vattnets Mysterier \u00e4r ingen l\u00e4robok. \u00c4nd\u00e5 kan den anv\u00e4ndas i undervisningen, precis som m\u00e5nga andra faktab\u00f6cker f\u00f6r barn och ungdomar. Den \u00e4r mest t\u00e4nkt f\u00f6r underh\u00e5llning.<\/p>\n\n\n\n<p>Eftersom den inneh\u00e5ller sp\u00e4nnande historier och fakta som ber\u00f6r vetenskap och forskning kan boken fungera f\u00f6r att v\u00e4cka nyfikenheten. Den kan f\u00e5 oss, barn och ungdomar att b\u00f6rja st\u00e4lla fr\u00e5gor och undra vad vatten egentligen \u00e4r. M\u00e5ste vi b\u00f6rja odla mer fisk n\u00e4r vi befolkningen v\u00e4xer? Vad g\u00f6r all plast i havet? Varf\u00f6r m\u00e5ste vi dricka vatten? Hur kan man avl\u00e4sa klimatets \u00e4ndringar i glaci\u00e4rer? Kan vattnet ta slut?<\/p>\n\n\n<div class=\"wp-block-image is-style-default\">\n<figure class=\"aligncenter size-full\"><a href=\"https:\/\/borgstromsforlag.se\/vattnetsmysterier\/files\/2021\/10\/jesper.png\"><img loading=\"lazy\" decoding=\"async\" width=\"400\" height=\"233\" src=\"https:\/\/borgstromsforlag.se\/vattnetsmysterier\/files\/2021\/10\/jesper.png\" alt=\"En pojke kikar genom ett f\u00f6rstoringsglas s\u00e5 att ena \u00f6gat blir st\u00f6rre.\" class=\"wp-image-515\" srcset=\"https:\/\/borgstromsforlag.se\/vattnetsmysterier\/files\/2021\/10\/jesper.png 400w, https:\/\/borgstromsforlag.se\/vattnetsmysterier\/files\/2021\/10\/jesper-300x175.png 300w\" sizes=\"auto, (max-width: 400px) 100vw, 400px\" \/><\/a><\/figure><\/div>\n\n\n<p>Tanken \u00e4r att de olika kapitlen och \u00e4mnena ska kittla. Fr\u00e5gorna och svaren ska inspirera till vidare funderingar: \u00c4r det bra eller d\u00e5ligt att odla j\u00e4tter\u00e4kor? Kan vi anv\u00e4nda tidvatten till n\u00e5got? Hur skyddar vi oss mot br\u00e4nder?&nbsp;Det som erbjuds \u00e4r m\u00f6jligheter \u2013 och st\u00e4llningstaganden. Inga pekpinnar, utan mera fr\u00f6n till egna tankar.<\/p>\n\n\n\n<p><strong>Rekommendation<\/strong><br>De tidigare mysterieb\u00f6ckerna rekommenderades av bland andra&nbsp;CETIS,&nbsp;NTA&nbsp;och&nbsp;Energimyndighetens l\u00e4rarrum.<\/p>\n\n\n\n<p><strong>Handledning<\/strong><br>Du som \u00e4r l\u00e4rare kan f\u00e5 handledning i att anv\u00e4nda boken. Men jag kommer \u00e4ven g\u00e4rna till din skola och hj\u00e4lper till, exempelvis med f\u00f6redrag.&nbsp;<a href=\"https:\/\/skribent.se\/har-finns-exempel-pa-de-texter-jag-skrivit\/uppdrag\/tala\/\" target=\"_blank\" rel=\"noreferrer noopener\">H\u00e4r finns praktisk information om detta.<\/a><\/p>\n\n\n<div class=\"wp-block-image is-style-default\">\n<figure class=\"aligncenter size-full\"><a href=\"https:\/\/borgstromsforlag.se\/vattnetsmysterier\/files\/2021\/10\/forfattarbesok.jpg\"><img loading=\"lazy\" decoding=\"async\" width=\"720\" height=\"306\" src=\"https:\/\/borgstromsforlag.se\/vattnetsmysterier\/files\/2021\/10\/forfattarbesok.jpg\" alt=\"\" class=\"wp-image-516\" srcset=\"https:\/\/borgstromsforlag.se\/vattnetsmysterier\/files\/2021\/10\/forfattarbesok.jpg 720w, https:\/\/borgstromsforlag.se\/vattnetsmysterier\/files\/2021\/10\/forfattarbesok-300x128.jpg 300w\" sizes=\"auto, (max-width: 720px) 100vw, 720px\" \/><\/a><\/figure><\/div>\n\n\n<p>1) Barn har r\u00e4tt att f\u00e5 veta vad som h\u00e4nder i samh\u00e4llet. Vi m\u00e5ste f\u00f6rse dem med pusselbitar s\u00e5 att v\u00e4rlden blir begriplig, oavsett om det handlar om varf\u00f6r inte flygplanen funkar n\u00e4r det blir vulkanutbrott, varf\u00f6r m\u00e4nniskor blir r\u00e4dda n\u00e4r k\u00e4rnkraftverken i Fukushima i Japan g\u00e5r s\u00f6nder eller vad som h\u00e4nder i kroppen n\u00e4r vi blir k\u00e4ra.<\/p>\n\n\n\n<p>Barn ser p\u00e5 Lilla Aktuellt och undrar. De h\u00f6r vuxna prata och snappar upp obegripliga fragment. Det \u00e4r v\u00e5r skyldighet att f\u00f6rklara!<\/p>\n\n\n\n<p><strong>Forskning<\/strong><br>Som den vetenskapsjournalist jag \u00e4r har jag gjort en del research kring vilket forskning som har gjorts faktaboken i undervisningen \u2013 och har \u00e4ven skrivit en faktabok om l\u00e4s- och skrivsv\u00e5righeter (som heter Den hemliga koden).<\/p>\n\n\n\n<p>Det beh\u00f6vs fler faktab\u00f6cker f\u00f6r barn \u2013 eftersom de bidrar till att underl\u00e4tta l\u00e4sandet.&nbsp; Det visar sig att det finns ett flertal unders\u00f6kningar som pekar p\u00e5 vikten av att l\u00e4sa om n\u00e5got man gillar, innan man ger sig i kast med kanske n\u00e5got lite mer abstrakt. Om ett barn som har lite sv\u00e5rt att komma ig\u00e5ng med l\u00e4sningen f\u00e5r b\u00f6rja med att l\u00e4sa om kaniner, robotar eller vad det kan vara som de gillar \u2013 sker \u00f6verg\u00e5ngen till annat litter\u00e4rt l\u00e4sande mycket snabbare.<\/p>\n\n\n\n<p>Andra forskningsresultat visar att f\u00f6r att l\u00e4ra sig nya ord, s\u00e5 m\u00e5ste l\u00e4saren uts\u00e4ttas f\u00f6r dem. D\u00e4rf\u00f6r b\u00f6r texten inte vara f\u00f6r enkel. F\u00f6r att nya eller sv\u00e5ra ord ska bli f\u00f6rst\u00e5eliga \u00e4r det viktigt att de s\u00e4tts in i ett sammanhang. Med r\u00e4tt st\u00f6d kan det fungera \u00e4ven med avancerade texter: Till exempel att den vuxne g\u00e5r igenom ord och begrepp f\u00f6r barnen.<\/p>\n\n\n\n<p>Tanken med Vattnets Mysterier, liksom&nbsp;<em>Milj\u00f6ns Mysterier,<\/em>&nbsp;<em>Energins Mysterier<\/em>,&nbsp;<em>Kroppens Mysterier&nbsp;<\/em>och<em>&nbsp;Naturens Mysterier<\/em>&nbsp;och de andra popul\u00e4rvetenskapliga b\u00f6ckerna f\u00f6r barn \u00e4r att de ska l\u00e4sas minst en g\u00e5ng&nbsp;<em>tillsammans<\/em>&nbsp;med barnen.<\/p>\n\n\n\n<p><a href=\"https:\/\/skribent.se\/kontakt\/\" target=\"_blank\" rel=\"noreferrer noopener\">H\u00f6r g\u00e4rna av dig<\/a> om du undrar \u00f6ver n\u00e5got!<\/p>\n","protected":false},"excerpt":{"rendered":"<p>\u00c4ntligen har den popul\u00e4ra boken Vattnets mysterier kommit i en nyutg\u00e5va. Den \u00e4r uppdaterad med de senaste r\u00f6nen och \u00e4r p\u00e5 nytt faktagranskad av nio vetenskapliga experter! En f\u00f6r varje kapitel \u2013 hur m\u00e5nga barnb\u00f6cker har den bakgrunden? Boken Vattnets Mysterier \u00e4r ingen l\u00e4robok. \u00c4nd\u00e5 kan den anv\u00e4ndas i undervisningen, precis som m\u00e5nga andra faktab\u00f6cker &#8230; <a title=\"F\u00f6r l\u00e4rare\" class=\"read-more\" href=\"https:\/\/borgstromsforlag.se\/vattnetsmysterier\/for-larare-2\/\" aria-label=\"L\u00e4s mer om F\u00f6r l\u00e4rare\">L\u00e4s mer<\/a><\/p>\n","protected":false},"author":2,"featured_media":0,"parent":0,"menu_order":0,"comment_status":"closed","ping_status":"closed","template":"","meta":{"ngg_post_thumbnail":0,"footnotes":""},"class_list":["post-433","page","type-page","status-publish"],"_links":{"self":[{"href":"https:\/\/borgstromsforlag.se\/vattnetsmysterier\/wp-json\/wp\/v2\/pages\/433","targetHints":{"allow":["GET"]}}],"collection":[{"href":"https:\/\/borgstromsforlag.se\/vattnetsmysterier\/wp-json\/wp\/v2\/pages"}],"about":[{"href":"https:\/\/borgstromsforlag.se\/vattnetsmysterier\/wp-json\/wp\/v2\/types\/page"}],"author":[{"embeddable":true,"href":"https:\/\/borgstromsforlag.se\/vattnetsmysterier\/wp-json\/wp\/v2\/users\/2"}],"replies":[{"embeddable":true,"href":"https:\/\/borgstromsforlag.se\/vattnetsmysterier\/wp-json\/wp\/v2\/comments?post=433"}],"version-history":[{"count":3,"href":"https:\/\/borgstromsforlag.se\/vattnetsmysterier\/wp-json\/wp\/v2\/pages\/433\/revisions"}],"predecessor-version":[{"id":553,"href":"https:\/\/borgstromsforlag.se\/vattnetsmysterier\/wp-json\/wp\/v2\/pages\/433\/revisions\/553"}],"wp:attachment":[{"href":"https:\/\/borgstromsforlag.se\/vattnetsmysterier\/wp-json\/wp\/v2\/media?parent=433"}],"curies":[{"name":"wp","href":"https:\/\/api.w.org\/{rel}","templated":true}]}}