{"id":435,"date":"2014-11-22T12:05:47","date_gmt":"2014-11-22T11:05:47","guid":{"rendered":"http:\/\/www.vattnetsmysterier.se\/?page_id=435"},"modified":"2021-10-26T20:47:31","modified_gmt":"2021-10-26T18:47:31","slug":"forfattaren-2","status":"publish","type":"page","link":"https:\/\/borgstromsforlag.se\/vattnetsmysterier\/forfattaren-2\/","title":{"rendered":"F\u00f6rfattaren"},"content":{"rendered":"\n<p>Jag som skrivit boken Vattnets&nbsp;mysterier heter H\u00e5kan Borgstr\u00f6m. Jag arbetar som f\u00f6rfattare, journalist och med andra saker inom medieomr\u00e5det. Jag har till exempel snickrat ihop den h\u00e4r webbplatsen&nbsp;<img decoding=\"async\" class=\"wp-smiley\" src=\"https:\/\/borgstromsforlag.se\/vattnetsmysterier\/wp-includes\/images\/smilies\/icon_smile.gif\" alt=\":-)\"><\/p>\n\n\n\n<div class=\"wp-block-image is-style-default\"><figure class=\"aligncenter size-full\"><a href=\"https:\/\/borgstromsforlag.se\/vattnetsmysterier\/files\/2021\/10\/hakan_undersida-rundkant.png\"><img loading=\"lazy\" decoding=\"async\" width=\"350\" height=\"256\" src=\"https:\/\/borgstromsforlag.se\/vattnetsmysterier\/files\/2021\/10\/hakan_undersida-rundkant.png\" alt=\"\" class=\"wp-image-521\" srcset=\"https:\/\/borgstromsforlag.se\/vattnetsmysterier\/files\/2021\/10\/hakan_undersida-rundkant.png 350w, https:\/\/borgstromsforlag.se\/vattnetsmysterier\/files\/2021\/10\/hakan_undersida-rundkant-300x219.png 300w\" sizes=\"auto, (max-width: 350px) 100vw, 350px\" \/><\/a><\/figure><\/div>\n\n\n\n<p>Oftast skriver jag om saker som har med vetenskap att g\u00f6ra \u2013 och mysterier. Men det finns m\u00e5nga andra roliga och sp\u00e4nnande saker att beskriva ocks\u00e5. Jag har exempelvis skrivit b\u00e5de romaner och fackb\u00f6cker.<\/p>\n\n\n\n<p>Om du vill se vad jag har gjort mer, eller vill fr\u00e5ga om n\u00e5got \u2013&nbsp;<a title=\"Till skribent-sajten\" href=\"http:\/\/www.skribent.org\/\" target=\"_blank\" rel=\"noopener\">surfa till min webbplats<\/a>. D\u00e4r hittar du ocks\u00e5 alla kontaktuppgifter, adress, telefon och mailadress.<\/p>\n\n\n\n<p>Du kan ocks\u00e5 st\u00f6dja en fortsatt utgivning av mysterieb\u00f6cker genom att k\u00f6pa b\u00f6ckerna fr\u00e5n&nbsp;<a title=\"Borgstr\u00f6ms F\u00f6rlag\" href=\"http:\/\/www.borgstromsforlag.se\/\" target=\"_new\" rel=\"noopener\">Borgstr\u00f6ms F\u00f6rlag<\/a>!<\/p>\n","protected":false},"excerpt":{"rendered":"<p>Jag som skrivit boken Vattnets&nbsp;mysterier heter H\u00e5kan Borgstr\u00f6m. Jag arbetar som f\u00f6rfattare, journalist och med andra saker inom medieomr\u00e5det. Jag har till exempel snickrat ihop den h\u00e4r webbplatsen&nbsp; Oftast skriver jag om saker som har med vetenskap att g\u00f6ra \u2013 och mysterier. Men det finns m\u00e5nga andra roliga och sp\u00e4nnande saker att beskriva ocks\u00e5. Jag &#8230; <a title=\"F\u00f6rfattaren\" class=\"read-more\" href=\"https:\/\/borgstromsforlag.se\/vattnetsmysterier\/forfattaren-2\/\" aria-label=\"L\u00e4s mer om F\u00f6rfattaren\">L\u00e4s mer<\/a><\/p>\n","protected":false},"author":2,"featured_media":0,"parent":0,"menu_order":0,"comment_status":"closed","ping_status":"closed","template":"","meta":{"ngg_post_thumbnail":0,"footnotes":""},"class_list":["post-435","page","type-page","status-publish"],"_links":{"self":[{"href":"https:\/\/borgstromsforlag.se\/vattnetsmysterier\/wp-json\/wp\/v2\/pages\/435","targetHints":{"allow":["GET"]}}],"collection":[{"href":"https:\/\/borgstromsforlag.se\/vattnetsmysterier\/wp-json\/wp\/v2\/pages"}],"about":[{"href":"https:\/\/borgstromsforlag.se\/vattnetsmysterier\/wp-json\/wp\/v2\/types\/page"}],"author":[{"embeddable":true,"href":"https:\/\/borgstromsforlag.se\/vattnetsmysterier\/wp-json\/wp\/v2\/users\/2"}],"replies":[{"embeddable":true,"href":"https:\/\/borgstromsforlag.se\/vattnetsmysterier\/wp-json\/wp\/v2\/comments?post=435"}],"version-history":[{"count":1,"href":"https:\/\/borgstromsforlag.se\/vattnetsmysterier\/wp-json\/wp\/v2\/pages\/435\/revisions"}],"predecessor-version":[{"id":522,"href":"https:\/\/borgstromsforlag.se\/vattnetsmysterier\/wp-json\/wp\/v2\/pages\/435\/revisions\/522"}],"wp:attachment":[{"href":"https:\/\/borgstromsforlag.se\/vattnetsmysterier\/wp-json\/wp\/v2\/media?parent=435"}],"curies":[{"name":"wp","href":"https:\/\/api.w.org\/{rel}","templated":true}]}}